{"id":782,"date":"2017-05-08T19:16:53","date_gmt":"2017-05-08T22:16:53","guid":{"rendered":"http:\/\/colegioameliatroncoso.cl\/sitio\/?page_id=782"},"modified":"2023-08-07T16:20:06","modified_gmt":"2023-08-07T20:20:06","slug":"objetivos","status":"publish","type":"page","link":"https:\/\/colegioameliatroncoso.cl\/sitio\/objetivos\/","title":{"rendered":"objetivos-cra"},"content":{"rendered":"\t\t<div data-elementor-type=\"wp-page\" data-elementor-id=\"782\" class=\"elementor elementor-782\">\n\t\t\t\t\t\t<section class=\"elementor-section elementor-top-section elementor-element elementor-element-592736eb elementor-section-boxed elementor-section-height-default elementor-section-height-default\" data-id=\"592736eb\" data-element_type=\"section\">\n\t\t\t\t\t\t<div class=\"elementor-container elementor-column-gap-default\">\n\t\t\t\t\t<div class=\"elementor-column elementor-col-100 elementor-top-column elementor-element elementor-element-2d9b9c2c\" data-id=\"2d9b9c2c\" data-element_type=\"column\">\n\t\t\t<div class=\"elementor-widget-wrap elementor-element-populated\">\n\t\t\t\t\t\t<div class=\"elementor-element elementor-element-6c0b3ff7 elementor-widget elementor-widget-text-editor\" data-id=\"6c0b3ff7\" data-element_type=\"widget\" data-widget_type=\"text-editor.default\">\n\t\t\t\t<div class=\"elementor-widget-container\">\n\t\t\t\t\t\t\t<h1 class=\"p1\" style=\"text-align: center;\"><\/h1>\n<p class=\"p1\" style=\"text-align: justify;\"><\/p>\n<p class=\"p1\" style=\"text-align: justify;\"><\/p>\n<p class=\"p1\" style=\"text-align: justify;\"><\/p>\t\t\t\t\t\t<\/div>\n\t\t\t\t<\/div>\n\t\t\t\t\t<\/div>\n\t\t<\/div>\n\t\t\t\t\t<\/div>\n\t\t<\/section>\n\t\t\t\t<section class=\"elementor-section elementor-top-section elementor-element elementor-element-87c0ea3 elementor-section-boxed elementor-section-height-default elementor-section-height-default\" data-id=\"87c0ea3\" data-element_type=\"section\">\n\t\t\t\t\t\t<div class=\"elementor-container elementor-column-gap-default\">\n\t\t\t\t\t<div class=\"elementor-column elementor-col-100 elementor-top-column elementor-element elementor-element-1bfa007\" data-id=\"1bfa007\" data-element_type=\"column\">\n\t\t\t<div class=\"elementor-widget-wrap elementor-element-populated\">\n\t\t\t\t\t\t<div class=\"elementor-element elementor-element-aa023a6 elementor-widget elementor-widget-heading\" data-id=\"aa023a6\" data-element_type=\"widget\" data-widget_type=\"heading.default\">\n\t\t\t\t<div class=\"elementor-widget-container\">\n\t\t\t<h2 class=\"elementor-heading-title elementor-size-default\">OBJETIVOS DEL CENTRO DE RECURSOS DEL APRENDIZAJE (C.R.A)<\/h2>\t\t<\/div>\n\t\t\t\t<\/div>\n\t\t\t\t\t<\/div>\n\t\t<\/div>\n\t\t\t\t\t<\/div>\n\t\t<\/section>\n\t\t\t\t<section class=\"elementor-section elementor-top-section elementor-element elementor-element-3d66757 elementor-section-boxed elementor-section-height-default elementor-section-height-default\" data-id=\"3d66757\" data-element_type=\"section\">\n\t\t\t\t\t\t<div class=\"elementor-container elementor-column-gap-default\">\n\t\t\t\t\t<div class=\"elementor-column elementor-col-100 elementor-top-column elementor-element elementor-element-01e2b0b\" data-id=\"01e2b0b\" data-element_type=\"column\">\n\t\t\t<div class=\"elementor-widget-wrap elementor-element-populated\">\n\t\t\t\t\t\t<div class=\"elementor-element elementor-element-1d7471d elementor-widget elementor-widget-text-editor\" data-id=\"1d7471d\" data-element_type=\"widget\" data-widget_type=\"text-editor.default\">\n\t\t\t\t<div class=\"elementor-widget-container\">\n\t\t\t\t\t\t\t<p style=\"text-align: left;\"><span style=\"font-weight: 400;\">La Biblioteca CRA es un espacio donde se ponen en pr\u00e1ctica una serie de acciones pedag\u00f3gicas como apoyo en la implementaci\u00f3n del curr\u00edculum, animaci\u00f3n a la lectura y educaci\u00f3n de usuarios para el uso de la biblioteca. Esto entrega al CRA un car\u00e1cter din\u00e1mico y motivador para la comunidad educativa, que responde a las necesidades de los usuarios.<\/span><\/p><p style=\"text-align: left;\"><span style=\"font-weight: 400;\">Cuando hablamos de desarrollo curricular, hablamos del apoyo que los encargados y coordinadores prestan a la implementaci\u00f3n del curr\u00edculum en todas las asignaturas. Este apoyo consiste en la planificaci\u00f3n conjunta con los profesores de asignatura, de modo que se vinculen los contenidos con los recursos de la biblioteca CRA.<\/span><\/p>\t\t\t\t\t\t<\/div>\n\t\t\t\t<\/div>\n\t\t\t\t\t<\/div>\n\t\t<\/div>\n\t\t\t\t\t<\/div>\n\t\t<\/section>\n\t\t\t\t<\/div>\n\t\t","protected":false},"excerpt":{"rendered":"<p>OBJETIVOS DEL CENTRO DE RECURSOS DEL APRENDIZAJE (C.R.A) La Biblioteca CRA es un espacio donde se ponen en pr\u00e1ctica una<\/p>\n","protected":false},"author":1,"featured_media":0,"parent":0,"menu_order":0,"comment_status":"closed","ping_status":"closed","template":"","meta":{"_eb_attr":""},"_links":{"self":[{"href":"https:\/\/colegioameliatroncoso.cl\/sitio\/wp-json\/wp\/v2\/pages\/782"}],"collection":[{"href":"https:\/\/colegioameliatroncoso.cl\/sitio\/wp-json\/wp\/v2\/pages"}],"about":[{"href":"https:\/\/colegioameliatroncoso.cl\/sitio\/wp-json\/wp\/v2\/types\/page"}],"author":[{"embeddable":true,"href":"https:\/\/colegioameliatroncoso.cl\/sitio\/wp-json\/wp\/v2\/users\/1"}],"replies":[{"embeddable":true,"href":"https:\/\/colegioameliatroncoso.cl\/sitio\/wp-json\/wp\/v2\/comments?post=782"}],"version-history":[{"count":26,"href":"https:\/\/colegioameliatroncoso.cl\/sitio\/wp-json\/wp\/v2\/pages\/782\/revisions"}],"predecessor-version":[{"id":3745,"href":"https:\/\/colegioameliatroncoso.cl\/sitio\/wp-json\/wp\/v2\/pages\/782\/revisions\/3745"}],"wp:attachment":[{"href":"https:\/\/colegioameliatroncoso.cl\/sitio\/wp-json\/wp\/v2\/media?parent=782"}],"curies":[{"name":"wp","href":"https:\/\/api.w.org\/{rel}","templated":true}]}}