{"id":3530,"date":"2023-08-02T10:29:10","date_gmt":"2023-08-02T14:29:10","guid":{"rendered":"https:\/\/colegioameliatroncoso.cl\/sitio\/?page_id=3530"},"modified":"2025-08-11T08:41:53","modified_gmt":"2025-08-11T12:41:53","slug":"admision-escolar-2024","status":"publish","type":"page","link":"https:\/\/colegioameliatroncoso.cl\/sitio\/admision-escolar-2024\/","title":{"rendered":"ADMISION ESCOLAR 2025"},"content":{"rendered":"\t\t<div data-elementor-type=\"wp-page\" data-elementor-id=\"3530\" class=\"elementor elementor-3530\">\n\t\t\t\t\t\t<section class=\"elementor-section elementor-top-section elementor-element elementor-element-e3d7e0b elementor-section-boxed elementor-section-height-default elementor-section-height-default\" data-id=\"e3d7e0b\" data-element_type=\"section\">\n\t\t\t\t\t\t<div class=\"elementor-container elementor-column-gap-default\">\n\t\t\t\t\t<div class=\"elementor-column elementor-col-100 elementor-top-column elementor-element elementor-element-4f42209\" data-id=\"4f42209\" data-element_type=\"column\">\n\t\t\t<div class=\"elementor-widget-wrap elementor-element-populated\">\n\t\t\t\t\t\t<div class=\"elementor-element elementor-element-f7bf494 elementor-widget elementor-widget-image\" data-id=\"f7bf494\" data-element_type=\"widget\" data-widget_type=\"image.default\">\n\t\t\t\t<div class=\"elementor-widget-container\">\n\t\t\t\t\t\t\t\t\t\t\t\t\t<img fetchpriority=\"high\" decoding=\"async\" width=\"800\" height=\"222\" src=\"https:\/\/colegioameliatroncoso.cl\/sitio\/wp-content\/uploads\/2025\/08\/Banner-logo-Admision-Escolar-1024x284.jpg\" class=\"attachment-large size-large wp-image-5144\" alt=\"\" srcset=\"https:\/\/colegioameliatroncoso.cl\/sitio\/wp-content\/uploads\/2025\/08\/Banner-logo-Admision-Escolar-1024x284.jpg 1024w, https:\/\/colegioameliatroncoso.cl\/sitio\/wp-content\/uploads\/2025\/08\/Banner-logo-Admision-Escolar-300x83.jpg 300w, https:\/\/colegioameliatroncoso.cl\/sitio\/wp-content\/uploads\/2025\/08\/Banner-logo-Admision-Escolar-768x213.jpg 768w, https:\/\/colegioameliatroncoso.cl\/sitio\/wp-content\/uploads\/2025\/08\/Banner-logo-Admision-Escolar.jpg 1354w\" sizes=\"(max-width: 800px) 100vw, 800px\" \/>\t\t\t\t\t\t\t\t\t\t\t\t\t<\/div>\n\t\t\t\t<\/div>\n\t\t\t\t\t<\/div>\n\t\t<\/div>\n\t\t\t\t\t<\/div>\n\t\t<\/section>\n\t\t\t\t<section class=\"elementor-section elementor-top-section elementor-element elementor-element-30540e0 elementor-section-boxed elementor-section-height-default elementor-section-height-default\" data-id=\"30540e0\" data-element_type=\"section\">\n\t\t\t\t\t\t<div class=\"elementor-container elementor-column-gap-default\">\n\t\t\t\t\t<div class=\"elementor-column elementor-col-100 elementor-top-column elementor-element elementor-element-0c46ccb\" data-id=\"0c46ccb\" data-element_type=\"column\">\n\t\t\t<div class=\"elementor-widget-wrap elementor-element-populated\">\n\t\t\t\t\t\t<div class=\"elementor-element elementor-element-e91c573 elementor-widget elementor-widget-image\" data-id=\"e91c573\" data-element_type=\"widget\" data-widget_type=\"image.default\">\n\t\t\t\t<div class=\"elementor-widget-container\">\n\t\t\t\t\t\t\t\t\t\t\t\t\t<img decoding=\"async\" width=\"800\" height=\"479\" src=\"https:\/\/colegioameliatroncoso.cl\/sitio\/wp-content\/uploads\/2025\/08\/banner-Informativo-800x480-1.png\" class=\"attachment-large size-large wp-image-5161\" alt=\"\" srcset=\"https:\/\/colegioameliatroncoso.cl\/sitio\/wp-content\/uploads\/2025\/08\/banner-Informativo-800x480-1.png 801w, https:\/\/colegioameliatroncoso.cl\/sitio\/wp-content\/uploads\/2025\/08\/banner-Informativo-800x480-1-300x180.png 300w, https:\/\/colegioameliatroncoso.cl\/sitio\/wp-content\/uploads\/2025\/08\/banner-Informativo-800x480-1-768x460.png 768w\" sizes=\"(max-width: 800px) 100vw, 800px\" \/>\t\t\t\t\t\t\t\t\t\t\t\t\t<\/div>\n\t\t\t\t<\/div>\n\t\t\t\t<div class=\"elementor-element elementor-element-2130151 elementor-widget elementor-widget-image\" data-id=\"2130151\" data-element_type=\"widget\" data-widget_type=\"image.default\">\n\t\t\t\t<div class=\"elementor-widget-container\">\n\t\t\t\t\t\t\t\t\t\t\t\t\t<img decoding=\"async\" width=\"791\" height=\"1024\" src=\"https:\/\/colegioameliatroncoso.cl\/sitio\/wp-content\/uploads\/2025\/08\/Volante_calendario-y-recomendaciones-SAE_compressed_page-0001-791x1024.jpg\" class=\"attachment-large size-large wp-image-5153\" alt=\"\" srcset=\"https:\/\/colegioameliatroncoso.cl\/sitio\/wp-content\/uploads\/2025\/08\/Volante_calendario-y-recomendaciones-SAE_compressed_page-0001-791x1024.jpg 791w, https:\/\/colegioameliatroncoso.cl\/sitio\/wp-content\/uploads\/2025\/08\/Volante_calendario-y-recomendaciones-SAE_compressed_page-0001-232x300.jpg 232w, https:\/\/colegioameliatroncoso.cl\/sitio\/wp-content\/uploads\/2025\/08\/Volante_calendario-y-recomendaciones-SAE_compressed_page-0001-768x994.jpg 768w, https:\/\/colegioameliatroncoso.cl\/sitio\/wp-content\/uploads\/2025\/08\/Volante_calendario-y-recomendaciones-SAE_compressed_page-0001-1187x1536.jpg 1187w, https:\/\/colegioameliatroncoso.cl\/sitio\/wp-content\/uploads\/2025\/08\/Volante_calendario-y-recomendaciones-SAE_compressed_page-0001.jpg 1275w\" sizes=\"(max-width: 791px) 100vw, 791px\" \/>\t\t\t\t\t\t\t\t\t\t\t\t\t<\/div>\n\t\t\t\t<\/div>\n\t\t\t\t<div class=\"elementor-element elementor-element-1cc977b elementor-widget elementor-widget-image\" data-id=\"1cc977b\" data-element_type=\"widget\" data-widget_type=\"image.default\">\n\t\t\t\t<div class=\"elementor-widget-container\">\n\t\t\t\t\t\t\t\t\t\t\t\t\t<img loading=\"lazy\" decoding=\"async\" width=\"791\" height=\"1024\" src=\"https:\/\/colegioameliatroncoso.cl\/sitio\/wp-content\/uploads\/2025\/08\/Volante_calendario-y-recomendaciones-SAE_compressed_page-0002-791x1024.jpg\" class=\"attachment-large size-large wp-image-5154\" alt=\"\" srcset=\"https:\/\/colegioameliatroncoso.cl\/sitio\/wp-content\/uploads\/2025\/08\/Volante_calendario-y-recomendaciones-SAE_compressed_page-0002-791x1024.jpg 791w, https:\/\/colegioameliatroncoso.cl\/sitio\/wp-content\/uploads\/2025\/08\/Volante_calendario-y-recomendaciones-SAE_compressed_page-0002-232x300.jpg 232w, https:\/\/colegioameliatroncoso.cl\/sitio\/wp-content\/uploads\/2025\/08\/Volante_calendario-y-recomendaciones-SAE_compressed_page-0002-768x994.jpg 768w, https:\/\/colegioameliatroncoso.cl\/sitio\/wp-content\/uploads\/2025\/08\/Volante_calendario-y-recomendaciones-SAE_compressed_page-0002-1187x1536.jpg 1187w, https:\/\/colegioameliatroncoso.cl\/sitio\/wp-content\/uploads\/2025\/08\/Volante_calendario-y-recomendaciones-SAE_compressed_page-0002.jpg 1275w\" sizes=\"(max-width: 791px) 100vw, 791px\" \/>\t\t\t\t\t\t\t\t\t\t\t\t\t<\/div>\n\t\t\t\t<\/div>\n\t\t\t\t\t<\/div>\n\t\t<\/div>\n\t\t\t\t\t<\/div>\n\t\t<\/section>\n\t\t\t\t<section class=\"elementor-section elementor-top-section elementor-element elementor-element-82e8612 elementor-section-boxed elementor-section-height-default elementor-section-height-default\" data-id=\"82e8612\" data-element_type=\"section\">\n\t\t\t\t\t\t<div class=\"elementor-container elementor-column-gap-default\">\n\t\t\t\t\t<div class=\"elementor-column elementor-col-100 elementor-top-column elementor-element elementor-element-912e21e\" data-id=\"912e21e\" data-element_type=\"column\">\n\t\t\t<div class=\"elementor-widget-wrap elementor-element-populated\">\n\t\t\t\t\t\t<div class=\"elementor-element elementor-element-9b0eed1 elementor-widget elementor-widget-text-editor\" data-id=\"9b0eed1\" data-element_type=\"widget\" data-widget_type=\"text-editor.default\">\n\t\t\t\t<div class=\"elementor-widget-container\">\n\t\t\t\t\t\t\t<h4><strong>Cualquier consulta o duda, respecto del Proceso de Admisi\u00f3n 2026, pinche en el siguiente <a href=\"https:\/\/www.sistemadeadmisionescolar.cl\/\">link<\/a> y\u00a0<\/strong><strong>ser\u00e1 redirigido a la pagina oficial de postulaci\u00f3n del Sistema de Admisi\u00f3n Escolar.<\/strong><\/h4>\t\t\t\t\t\t<\/div>\n\t\t\t\t<\/div>\n\t\t\t\t\t<\/div>\n\t\t<\/div>\n\t\t\t\t\t<\/div>\n\t\t<\/section>\n\t\t\t\t<\/div>\n\t\t","protected":false},"excerpt":{"rendered":"<p>Cualquier consulta o duda, respecto del Proceso de Admisi\u00f3n 2026, pinche en el siguiente link y\u00a0ser\u00e1 redirigido a la pagina<\/p>\n","protected":false},"author":1,"featured_media":0,"parent":0,"menu_order":0,"comment_status":"closed","ping_status":"closed","template":"","meta":{"_eb_attr":""},"_links":{"self":[{"href":"https:\/\/colegioameliatroncoso.cl\/sitio\/wp-json\/wp\/v2\/pages\/3530"}],"collection":[{"href":"https:\/\/colegioameliatroncoso.cl\/sitio\/wp-json\/wp\/v2\/pages"}],"about":[{"href":"https:\/\/colegioameliatroncoso.cl\/sitio\/wp-json\/wp\/v2\/types\/page"}],"author":[{"embeddable":true,"href":"https:\/\/colegioameliatroncoso.cl\/sitio\/wp-json\/wp\/v2\/users\/1"}],"replies":[{"embeddable":true,"href":"https:\/\/colegioameliatroncoso.cl\/sitio\/wp-json\/wp\/v2\/comments?post=3530"}],"version-history":[{"count":73,"href":"https:\/\/colegioameliatroncoso.cl\/sitio\/wp-json\/wp\/v2\/pages\/3530\/revisions"}],"predecessor-version":[{"id":5168,"href":"https:\/\/colegioameliatroncoso.cl\/sitio\/wp-json\/wp\/v2\/pages\/3530\/revisions\/5168"}],"wp:attachment":[{"href":"https:\/\/colegioameliatroncoso.cl\/sitio\/wp-json\/wp\/v2\/media?parent=3530"}],"curies":[{"name":"wp","href":"https:\/\/api.w.org\/{rel}","templated":true}]}}